{"id":328,"date":"2014-11-05T15:31:10","date_gmt":"2014-11-05T15:31:10","guid":{"rendered":"http:\/\/cazarenllanera.com\/var\/www\/vhosts\/cazarenllanera.comhttpdocs\/?page_id=328"},"modified":"2021-11-26T11:48:43","modified_gmt":"2021-11-26T11:48:43","slug":"el-coto-2","status":"publish","type":"page","link":"https:\/\/cazarenllanera.com\/?page_id=328","title":{"rendered":"El Coto"},"content":{"rendered":"<p>&nbsp;<\/p>\n<p>Llanera: coto Regional de caza n 178<\/p>\n<p><a href=\"http:\/\/cazarenllanera.com\/wp-content\/uploads\/2021\/11\/mapa-tino-recortado-scaled.jpg\"><img loading=\"lazy\" class=\"alignnone wp-image-1758 size-large\" src=\"http:\/\/cazarenllanera.com\/wp-content\/uploads\/2021\/11\/mapa-tino-recortado-1024x808.jpg\" alt=\"mapa coto\" width=\"980\" height=\"773\" srcset=\"https:\/\/cazarenllanera.com\/wp-content\/uploads\/2021\/11\/mapa-tino-recortado-1024x808.jpg 1024w, https:\/\/cazarenllanera.com\/wp-content\/uploads\/2021\/11\/mapa-tino-recortado-300x237.jpg 300w, https:\/\/cazarenllanera.com\/wp-content\/uploads\/2021\/11\/mapa-tino-recortado-768x606.jpg 768w, https:\/\/cazarenllanera.com\/wp-content\/uploads\/2021\/11\/mapa-tino-recortado-1536x1213.jpg 1536w, https:\/\/cazarenllanera.com\/wp-content\/uploads\/2021\/11\/mapa-tino-recortado-2048x1617.jpg 2048w\" sizes=\"(max-width: 980px) 100vw, 980px\" \/><\/a><\/p>\n<p style=\"text-align: left;\">M\u00e1s de 17.949 hect\u00e1reas de superficie en terrenos ubicados en la demarcaci\u00f3n central de asturiana que comprenden \u00edntegramente el concejo de Llanera y parte de los de Gij\u00f3n (Abad\u00eda de Cenero) y Oviedo (Naranco Norte).<\/p>\n[\/vc_column_text][\/vc_column]\n\t<div class=\"vc_col-sm-6 wpb_column column_container  \">\n\t\t\t\n\t<div class=\"wpb_text_column wpb_content_element \">\n\t\t<div class=\"wpb_wrapper\">\n\t\t\t<p style=\"text-align: left;\">La <strong>Caza mayor<\/strong> (corzo y jabal\u00ed) y la <strong>menor<\/strong> (Arcea, paloma torcaz, raposo (zorro), caza intensiva, con suelta de perdices y faisanes), son sus principales fuentes de actividad, sin dejar de prestar atenci\u00f3n especial a diversas modalidades en el \u00e1mbito de sus competencias (cetrer\u00eda, cazar con arco).<\/p>\n\n\t\t<\/div> \n\t<\/div> \n\t<\/div> \n[\/vc_row]<div  class=\"vc_row wpb_row vc_row-fluid  \" >\n\t<div class=\"vc_col-sm-12 wpb_column column_container  \">\n\t\t\t<div class=\"wpb_gmaps_widget wpb_content_element\">\n\t\t<div class=\"wpb_wrapper\">\n\t\t<div class=\"wpb_map_wraper\">\n\t\t\t<iframe src=\"https:\/\/www.google.com\/maps\/embed?pb=!1m18!1m12!1m3!1d92681.4106020958!2d-5.8624762!3d43.454457250000004!2m3!1f0!2f0!3f0!3m2!1i1024!2i768!4f13.1!3m3!1m2!1s0xd368faebf21ebfd%3A0x404f58273cb0440!2sLlanera%2C+Asturias!5e0!3m2!1ses!2ses!4v1415200923443\" width=\"600\" height=\"500\" frameborder=\"0\" style=\"border:0\"><\/iframe>\t\t<\/div>\n\t<\/div><\/div>\n\t<\/div> \n<\/div>\n","protected":false},"excerpt":{"rendered":"<p>&nbsp; Llanera: coto Regional de caza n 178 M\u00e1s de 17.949 hect\u00e1reas de superficie en terrenos ubicados en la demarcaci\u00f3n central de asturiana que comprenden \u00edntegramente el concejo de Llanera y parte de los de Gij\u00f3n (Abad\u00eda de Cenero) y Oviedo (Naranco Norte). [\/vc_column_text][\/vc_column][\/vc_row]<\/p>\n","protected":false},"author":2,"featured_media":0,"parent":0,"menu_order":0,"comment_status":"closed","ping_status":"closed","template":"","meta":{"ngg_post_thumbnail":0},"_links":{"self":[{"href":"https:\/\/cazarenllanera.com\/index.php?rest_route=\/wp\/v2\/pages\/328"}],"collection":[{"href":"https:\/\/cazarenllanera.com\/index.php?rest_route=\/wp\/v2\/pages"}],"about":[{"href":"https:\/\/cazarenllanera.com\/index.php?rest_route=\/wp\/v2\/types\/page"}],"author":[{"embeddable":true,"href":"https:\/\/cazarenllanera.com\/index.php?rest_route=\/wp\/v2\/users\/2"}],"replies":[{"embeddable":true,"href":"https:\/\/cazarenllanera.com\/index.php?rest_route=%2Fwp%2Fv2%2Fcomments&post=328"}],"version-history":[{"count":13,"href":"https:\/\/cazarenllanera.com\/index.php?rest_route=\/wp\/v2\/pages\/328\/revisions"}],"predecessor-version":[{"id":1760,"href":"https:\/\/cazarenllanera.com\/index.php?rest_route=\/wp\/v2\/pages\/328\/revisions\/1760"}],"wp:attachment":[{"href":"https:\/\/cazarenllanera.com\/index.php?rest_route=%2Fwp%2Fv2%2Fmedia&parent=328"}],"curies":[{"name":"wp","href":"https:\/\/api.w.org\/{rel}","templated":true}]}}