{"id":332,"date":"2014-11-05T15:47:12","date_gmt":"2014-11-05T15:47:12","guid":{"rendered":"http:\/\/cazarenllanera.com\/var\/www\/vhosts\/cazarenllanera.comhttpdocs\/?page_id=332"},"modified":"2023-12-18T10:00:35","modified_gmt":"2023-12-18T10:00:35","slug":"quienes-somos-2","status":"publish","type":"page","link":"https:\/\/cazarenllanera.com\/?page_id=332","title":{"rendered":"La Sociedad"},"content":{"rendered":"<p>&nbsp;<\/p>\n<p style=\"text-align: center;\"><span style=\"font-size: 28px; font-family: Gabriela;\">Sociedad de Cazadores de Llanera<\/span><\/p>\n<p style=\"text-align: center;\">OFICINA DE CAZA SITUADA EN AVENIDA PRUDENCIO GONZALEZ N\u00ba&nbsp; 34 BAJO&nbsp;<\/p>\n<p style=\"text-align: center;\">TELEFONO DE CONTACTO: 984289245<\/p>\n<p style=\"text-align: center;\">HORARIO<\/p>\n<p style=\"text-align: center;\"><strong>ATENCION DE DA\u00d1OS<\/strong><\/p>\n<p style=\"text-align: center;\">LUNES 11:00 HORAS A 13:00 HORAS<\/p>\n<p style=\"text-align: center;\"><strong>ATENCION DE SOCIOS<\/strong><\/p>\n<p style=\"text-align: center;\">MIERCOLES Y VIERNES DE 19:30 HORAS A 20:30 HORAS<\/p>\n<p><span style=\"font-size: 16px;\">La <strong>Sociedad de Cazadores de Llanera \u00abLA PERDIZ\u00bb<\/strong>, fundada en 1929, es&nbsp;una de las &nbsp;asociaci\u00f3nes cineg\u00e9ticas asturianas m\u00e1s veteranas.<\/span><\/p>\n<p><span style=\"font-size: 16px;\">Una entidad &nbsp;deportiva sin \u00e1nimo de lucro, cuya finalidad \u00fanica es la de promocionar entre sus afiliados la pr\u00e1ctica de la caza.<\/span><\/p>\n<p>&nbsp;<\/p>\n<p><span style=\"font-size: 16px;\">En la actualidad es la adjudicataria del Coto Regional de caza n\u00ba&nbsp;178, denominado LLANERA con m\u00e1s de 17.949 hect\u00e1reas de superficie en terrenos ubicados en la demarcaci\u00f3n central de asturiana que comprenden \u00edntegramente el concejo de Llanera y parte de los de Gij\u00f3n (Abad\u00eda de Cenero) y Oviedo (Naranco Norte).<\/span><\/p>\n<p><span style=\"font-size: 16px;\">La Caza mayor (corzo y jabal\u00ed) y la menor (Arcea, zorro, caza intensiva, con suelta de perdices y faisanes), son sus principales fuentes de actividad, sin dejar de prestar atenci\u00f3n especial a diversas modalidades en el \u00e1mbito de sus competencias (cetrer\u00eda, cazar con arco<\/span><\/p>\n<p style=\"text-align: center;\"><span style=\"font-size: 28px; font-family: Gabriela;\">Directiva<\/span><\/p>\n<p>&nbsp;<\/p>\n<p style=\"text-align: center;\"><strong>Presidente<\/strong><\/p>\n<p style=\"text-align: center;\">Celestino Alvarez Menendez<\/p>\n<p style=\"text-align: center;\"><strong>Vicepresidente<\/strong><\/p>\n<p style=\"text-align: center;\">\u00c1ngel Eugenio D\u00ecaz D\u00edaz<\/p>\n<p style=\"text-align: center;\"><strong>Secretario<\/strong><\/p>\n<p style=\"text-align: center;\">Marcelino Estevez Amoedo<\/p>\n<p style=\"text-align: center;\"><strong>Vocales<\/strong><\/p>\n<p style=\"text-align: center;\">Jose Ramon Suarez Rodriguez<\/p>\n<p style=\"text-align: center;\">Ismael Tuero Gonz\u00e1lez<\/p>\n<p style=\"text-align: center;\">Jorge Fernandez Garrido&nbsp;<\/p>\n<p style=\"text-align: center;\">Rafael Lu\u00eds \u00c1lvarez Villar<\/p>\n<p style=\"text-align: center;\">Jesus Garcia Pelaez<\/p>\n<p style=\"text-align: center;\">Jose Manuel Estebanez Paredes<\/p>\n<p style=\"text-align: center;\">Ricardo Rio Gonzalez<\/p>\n<p style=\"text-align: center;\">Rufino Alonso Colunga<\/p>\n<p>&nbsp;<\/p>\n<p style=\"text-align: center;\"><span style=\"font-size: 28px; font-family: Gabriela;\">Guarder\u00eda<\/span><\/p>\n<p>&nbsp;<\/p>\n<p style=\"text-align: center;\"><strong>Guarda Mayor<\/strong><\/p>\n<p style=\"text-align: center;\">Jos\u00e9&nbsp; El\u00edas Machargo&nbsp;Fonseca<\/p>\n<p style=\"text-align: center;\"><strong>Guarda<\/strong><\/p>\n<p style=\"text-align: center;\">Sergio Cuervo Fuente<\/p>\n<p><a href=\"http:\/\/cazarenllanera.com\/var\/www\/vhosts\/cazarenllanera.comhttpdocs\/wp-content\/uploads\/2014\/11\/esc_tr.png\"><img loading=\"lazy\" class=\"wp-image-359 aligncenter\" src=\"http:\/\/cazarenllanera.com\/var\/www\/vhosts\/cazarenllanera.comhttpdocs\/wp-content\/uploads\/2014\/11\/esc_tr.png\" alt=\"esc_tr\" width=\"271\" height=\"184\" srcset=\"https:\/\/cazarenllanera.com\/wp-content\/uploads\/2014\/11\/esc_tr.png 500w, https:\/\/cazarenllanera.com\/wp-content\/uploads\/2014\/11\/esc_tr-300x204.png 300w\" sizes=\"(max-width: 271px) 100vw, 271px\" \/><br><\/a><\/p>\n<p style=\"text-align: center;\"><span style=\"font-size: 28px; font-family: Gabriela;\">Pe\u00f1as<\/span><\/p>\n<p>&nbsp;<\/p>\n<p style=\"text-align: center;\"><!-- index.php -->\n<div\n\tclass=\"ngg-galleryoverview ngg-ajax-pagination-none\"\n\tid=\"ngg-gallery-614-1\">\n\n    \t\t<!-- Thumbnails -->\n\t\t\t\t<div id=\"ngg-image-0\" class=\"ngg-gallery-thumbnail-box\" >\n\t\t\t\t        <div class=\"ngg-gallery-thumbnail\">\n            <a href=\"https:\/\/cazarenllanera.com\/wp-content\/gallery\/penas\/2carlos.png\"\n               title=\"1\u00b7 CARLOS\"\n               data-src=\"https:\/\/cazarenllanera.com\/wp-content\/gallery\/penas\/2carlos.png\"\n               data-thumbnail=\"https:\/\/cazarenllanera.com\/wp-content\/gallery\/penas\/thumbs\/thumbs_2carlos.png\"\n               data-image-id=\"13\"\n               data-title=\"1 \u00b7 CARLOS\"\n               data-description=\"1\u00b7 CARLOS\"\n               data-image-slug=\"2carlos\"\n               class=\"ngg-fancybox\" rel=\"614\">\n                <img\n                    title=\"1 \u00b7 CARLOS\"\n                    alt=\"1 \u00b7 CARLOS\"\n                    src=\"https:\/\/cazarenllanera.com\/wp-content\/gallery\/penas\/cache\/2carlos.png-nggid0213-ngg0dyn-200x140x100-00f0w010c011r110f110r010t010.png\"\n                    width=\"200\"\n                    height=\"140\"\n                    style=\"max-width:100%;\"\n                \/>\n            <\/a>\n        <\/div>\n\t\t\t\t\t\t\t<\/div> \n\t\t\t\n                            \n\t\t\t\t<div id=\"ngg-image-1\" class=\"ngg-gallery-thumbnail-box\" >\n\t\t\t\t        <div class=\"ngg-gallery-thumbnail\">\n            <a href=\"https:\/\/cazarenllanera.com\/wp-content\/gallery\/penas\/3Miguel.jpg\"\n               title=\"3 \u00b7 OSCAR\"\n               data-src=\"https:\/\/cazarenllanera.com\/wp-content\/gallery\/penas\/3Miguel.jpg\"\n               data-thumbnail=\"https:\/\/cazarenllanera.com\/wp-content\/gallery\/penas\/thumbs\/thumbs_3Miguel.jpg\"\n               data-image-id=\"14\"\n               data-title=\"3 \u00b7 OSCAR\"\n               data-description=\"3 \u00b7 OSCAR\"\n               data-image-slug=\"3miguel\"\n               class=\"ngg-fancybox\" rel=\"614\">\n                <img\n                    title=\"3 \u00b7 OSCAR\"\n                    alt=\"3 \u00b7 OSCAR\"\n                    src=\"https:\/\/cazarenllanera.com\/wp-content\/gallery\/penas\/cache\/3Miguel.jpg-nggid0214-ngg0dyn-200x140x100-00f0w010c011r110f110r010t010.jpg\"\n                    width=\"200\"\n                    height=\"140\"\n                    style=\"max-width:100%;\"\n                \/>\n            <\/a>\n        <\/div>\n\t\t\t\t\t\t\t<\/div> \n\t\t\t\n                            \n\t\t\t\t<div id=\"ngg-image-2\" class=\"ngg-gallery-thumbnail-box\" >\n\t\t\t\t        <div class=\"ngg-gallery-thumbnail\">\n            <a href=\"https:\/\/cazarenllanera.com\/wp-content\/gallery\/penas\/4.jpg\"\n               title=\"4 \u00b7 RAMON\"\n               data-src=\"https:\/\/cazarenllanera.com\/wp-content\/gallery\/penas\/4.jpg\"\n               data-thumbnail=\"https:\/\/cazarenllanera.com\/wp-content\/gallery\/penas\/thumbs\/thumbs_4.jpg\"\n               data-image-id=\"15\"\n               data-title=\"4 \u00b7 RAMON\"\n               data-description=\"4 \u00b7 RAMON\"\n               data-image-slug=\"4-1\"\n               class=\"ngg-fancybox\" rel=\"614\">\n                <img\n                    title=\"4 \u00b7 RAMON\"\n                    alt=\"4 \u00b7 RAMON\"\n                    src=\"https:\/\/cazarenllanera.com\/wp-content\/gallery\/penas\/cache\/4.jpg-nggid0215-ngg0dyn-200x140x100-00f0w010c011r110f110r010t010.jpg\"\n                    width=\"200\"\n                    height=\"140\"\n                    style=\"max-width:100%;\"\n                \/>\n            <\/a>\n        <\/div>\n\t\t\t\t\t\t\t<\/div> \n\t\t\t\n                            \n\t\t\t\t<div id=\"ngg-image-3\" class=\"ngg-gallery-thumbnail-box\" >\n\t\t\t\t        <div class=\"ngg-gallery-thumbnail\">\n            <a href=\"https:\/\/cazarenllanera.com\/wp-content\/gallery\/penas\/5Guillermo.jpg\"\n               title=\"5 \u00b7 GUILLERMO\"\n               data-src=\"https:\/\/cazarenllanera.com\/wp-content\/gallery\/penas\/5Guillermo.jpg\"\n               data-thumbnail=\"https:\/\/cazarenllanera.com\/wp-content\/gallery\/penas\/thumbs\/thumbs_5Guillermo.jpg\"\n               data-image-id=\"16\"\n               data-title=\"5 \u00b7 GUILLERMO\"\n               data-description=\"5 \u00b7 GUILLERMO\"\n               data-image-slug=\"5guillermo\"\n               class=\"ngg-fancybox\" rel=\"614\">\n                <img\n                    title=\"5 \u00b7 GUILLERMO\"\n                    alt=\"5 \u00b7 GUILLERMO\"\n                    src=\"https:\/\/cazarenllanera.com\/wp-content\/gallery\/penas\/cache\/5Guillermo.jpg-nggid0216-ngg0dyn-200x140x100-00f0w010c011r110f110r010t010.jpg\"\n                    width=\"200\"\n                    height=\"140\"\n                    style=\"max-width:100%;\"\n                \/>\n            <\/a>\n        <\/div>\n\t\t\t\t\t\t\t<\/div> \n\t\t\t\n                                    <br style=\"clear: both\" \/>\n                    \n\t\t\t\t<div id=\"ngg-image-4\" class=\"ngg-gallery-thumbnail-box\" >\n\t\t\t\t        <div class=\"ngg-gallery-thumbnail\">\n            <a href=\"https:\/\/cazarenllanera.com\/wp-content\/gallery\/penas\/6Pistola.jpg\"\n               title=\"6 \u00b7 PISTOLA\"\n               data-src=\"https:\/\/cazarenllanera.com\/wp-content\/gallery\/penas\/6Pistola.jpg\"\n               data-thumbnail=\"https:\/\/cazarenllanera.com\/wp-content\/gallery\/penas\/thumbs\/thumbs_6Pistola.jpg\"\n               data-image-id=\"17\"\n               data-title=\"6 \u00b7 PISTOLA\"\n               data-description=\"6 \u00b7 PISTOLA\"\n               data-image-slug=\"6pistola\"\n               class=\"ngg-fancybox\" rel=\"614\">\n                <img\n                    title=\"6 \u00b7 PISTOLA\"\n                    alt=\"6 \u00b7 PISTOLA\"\n                    src=\"https:\/\/cazarenllanera.com\/wp-content\/gallery\/penas\/cache\/6Pistola.jpg-nggid0217-ngg0dyn-200x140x100-00f0w010c011r110f110r010t010.jpg\"\n                    width=\"200\"\n                    height=\"140\"\n                    style=\"max-width:100%;\"\n                \/>\n            <\/a>\n        <\/div>\n\t\t\t\t\t\t\t<\/div> \n\t\t\t\n                            \n\t\t\t\t<div id=\"ngg-image-5\" class=\"ngg-gallery-thumbnail-box\" >\n\t\t\t\t        <div class=\"ngg-gallery-thumbnail\">\n            <a href=\"https:\/\/cazarenllanera.com\/wp-content\/gallery\/penas\/7LuisBango.jpg\"\n               title=\"7 \u00b7 SERIN\"\n               data-src=\"https:\/\/cazarenllanera.com\/wp-content\/gallery\/penas\/7LuisBango.jpg\"\n               data-thumbnail=\"https:\/\/cazarenllanera.com\/wp-content\/gallery\/penas\/thumbs\/thumbs_7LuisBango.jpg\"\n               data-image-id=\"18\"\n               data-title=\"7 \u00b7 SERIN\"\n               data-description=\"7 \u00b7 SERIN\"\n               data-image-slug=\"7luisbango\"\n               class=\"ngg-fancybox\" rel=\"614\">\n                <img\n                    title=\"7 \u00b7 SERIN\"\n                    alt=\"7 \u00b7 SERIN\"\n                    src=\"https:\/\/cazarenllanera.com\/wp-content\/gallery\/penas\/cache\/7LuisBango.jpg-nggid0218-ngg0dyn-200x140x100-00f0w010c011r110f110r010t010.jpg\"\n                    width=\"200\"\n                    height=\"140\"\n                    style=\"max-width:100%;\"\n                \/>\n            <\/a>\n        <\/div>\n\t\t\t\t\t\t\t<\/div> \n\t\t\t\n                            \n\t\t\t\t<div id=\"ngg-image-6\" class=\"ngg-gallery-thumbnail-box\" >\n\t\t\t\t        <div class=\"ngg-gallery-thumbnail\">\n            <a href=\"https:\/\/cazarenllanera.com\/wp-content\/gallery\/penas\/8Angel.jpg\"\n               title=\"8 \u00b7 GARRIDO\"\n               data-src=\"https:\/\/cazarenllanera.com\/wp-content\/gallery\/penas\/8Angel.jpg\"\n               data-thumbnail=\"https:\/\/cazarenllanera.com\/wp-content\/gallery\/penas\/thumbs\/thumbs_8Angel.jpg\"\n               data-image-id=\"19\"\n               data-title=\"8 \u00b7GARRIDO\"\n               data-description=\"8 \u00b7 GARRIDO\"\n               data-image-slug=\"8angel\"\n               class=\"ngg-fancybox\" rel=\"614\">\n                <img\n                    title=\"8 \u00b7GARRIDO\"\n                    alt=\"8 \u00b7GARRIDO\"\n                    src=\"https:\/\/cazarenllanera.com\/wp-content\/gallery\/penas\/cache\/8Angel.jpg-nggid0219-ngg0dyn-200x140x100-00f0w010c011r110f110r010t010.jpg\"\n                    width=\"200\"\n                    height=\"140\"\n                    style=\"max-width:100%;\"\n                \/>\n            <\/a>\n        <\/div>\n\t\t\t\t\t\t\t<\/div> \n\t\t\t\n                            \n\t\t\n\t\t<!-- Pagination -->\n\t<div class='ngg-clear'><\/div>\t<\/div>\n<\/p>\n<p>&nbsp;<\/p>\n\n\n<figure class=\"wp-block-gallery has-nested-images columns-default is-cropped\"><\/figure>\n","protected":false},"excerpt":{"rendered":"<p>&nbsp; Sociedad de Cazadores de Llanera OFICINA DE CAZA SITUADA EN AVENIDA PRUDENCIO GONZALEZ N\u00ba&nbsp; 34 BAJO&nbsp; TELEFONO DE CONTACTO: 984289245 HORARIO ATENCION DE DA\u00d1OS LUNES 11:00 HORAS A 13:00 HORAS ATENCION DE SOCIOS MIERCOLES Y VIERNES DE 19:30 HORAS A 20:30 HORAS La Sociedad de Cazadores de Llanera \u00abLA PERDIZ\u00bb, fundada en 1929, es&nbsp;una de las &nbsp;asociaci\u00f3nes cineg\u00e9ticas asturianas m\u00e1s veteranas. Una entidad &nbsp;deportiva&#8230;<\/p>\n","protected":false},"author":2,"featured_media":0,"parent":0,"menu_order":0,"comment_status":"closed","ping_status":"closed","template":"","meta":{"ngg_post_thumbnail":0},"_links":{"self":[{"href":"https:\/\/cazarenllanera.com\/index.php?rest_route=\/wp\/v2\/pages\/332"}],"collection":[{"href":"https:\/\/cazarenllanera.com\/index.php?rest_route=\/wp\/v2\/pages"}],"about":[{"href":"https:\/\/cazarenllanera.com\/index.php?rest_route=\/wp\/v2\/types\/page"}],"author":[{"embeddable":true,"href":"https:\/\/cazarenllanera.com\/index.php?rest_route=\/wp\/v2\/users\/2"}],"replies":[{"embeddable":true,"href":"https:\/\/cazarenllanera.com\/index.php?rest_route=%2Fwp%2Fv2%2Fcomments&post=332"}],"version-history":[{"count":50,"href":"https:\/\/cazarenllanera.com\/index.php?rest_route=\/wp\/v2\/pages\/332\/revisions"}],"predecessor-version":[{"id":2026,"href":"https:\/\/cazarenllanera.com\/index.php?rest_route=\/wp\/v2\/pages\/332\/revisions\/2026"}],"wp:attachment":[{"href":"https:\/\/cazarenllanera.com\/index.php?rest_route=%2Fwp%2Fv2%2Fmedia&parent=332"}],"curies":[{"name":"wp","href":"https:\/\/api.w.org\/{rel}","templated":true}]}}