{"id":363,"date":"2014-11-05T16:42:06","date_gmt":"2014-11-05T16:42:06","guid":{"rendered":"http:\/\/cazarenllanera.com\/var\/www\/vhosts\/cazarenllanera.comhttpdocs\/?page_id=363"},"modified":"2025-09-16T12:57:46","modified_gmt":"2025-09-16T12:57:46","slug":"la-sociedad-2","status":"publish","type":"page","link":"https:\/\/cazarenllanera.com\/?page_id=363","title":{"rendered":"Caza Mayor"},"content":{"rendered":"<p>&nbsp;<\/p>\n<p style=\"text-align: center;\"><span style=\"font-size: 28px;\">Caza Mayor<\/span><\/p>\n<p>&nbsp;<\/p>\n<p style=\"text-align: center;\"><span style=\"font-family: Gabriela; font-size: 28px;\">Cacer\u00edas<\/span><\/p>\n<p>&nbsp;<\/p>\n<p style=\"text-align: center;\"><span style=\"font-size: 14px;\"><a href=\"https:\/\/cazarenllanera.com\/wp-content\/uploads\/2025\/09\/CALENDARIO-2025-2026.pdf\" target=\"_blank\" rel=\"noopener\">Informaci\u00f3n cacer\u00edas<\/a><\/span><\/p>\n<p>&nbsp;<\/p>\n<p style=\"text-align: center;\"><span style=\"font-family: Gabriela; font-size: 28px;\">Resultados<\/span><\/p>\n<p>&nbsp;<\/p>\n<p style=\"text-align: center;\"><a title=\"Estad\u00edsticas Caza Mayor\" href=\"http:\/\/cazarenllanera.com\/?page_id=1691\"><span style=\"font-family: Gabriela; font-size: 14px;\">Resultados<\/span><\/a><\/p>\n<p style=\"text-align: center;\"><a title=\"Estad\u00edsticas Caza Mayor\" href=\"http:\/\/cazarenllanera.com\/var\/www\/vhosts\/cazarenllanera.comhttpdocs\/?page_id=468\"><span style=\"font-family: Gabriela; font-size: 14px;\">Resultados &#8211; Hist\u00f3rico<\/span><\/a><\/p>\n<p>&nbsp;<\/p>\n","protected":false},"excerpt":{"rendered":"<p>&nbsp; Caza Mayor &nbsp; Cacer\u00edas &nbsp; Informaci\u00f3n cacer\u00edas &nbsp; Resultados &nbsp; Resultados Resultados &#8211; Hist\u00f3rico &nbsp;<\/p>\n","protected":false},"author":2,"featured_media":0,"parent":0,"menu_order":0,"comment_status":"closed","ping_status":"closed","template":"","meta":{"ngg_post_thumbnail":0},"_links":{"self":[{"href":"https:\/\/cazarenllanera.com\/index.php?rest_route=\/wp\/v2\/pages\/363"}],"collection":[{"href":"https:\/\/cazarenllanera.com\/index.php?rest_route=\/wp\/v2\/pages"}],"about":[{"href":"https:\/\/cazarenllanera.com\/index.php?rest_route=\/wp\/v2\/types\/page"}],"author":[{"embeddable":true,"href":"https:\/\/cazarenllanera.com\/index.php?rest_route=\/wp\/v2\/users\/2"}],"replies":[{"embeddable":true,"href":"https:\/\/cazarenllanera.com\/index.php?rest_route=%2Fwp%2Fv2%2Fcomments&post=363"}],"version-history":[{"count":47,"href":"https:\/\/cazarenllanera.com\/index.php?rest_route=\/wp\/v2\/pages\/363\/revisions"}],"predecessor-version":[{"id":2166,"href":"https:\/\/cazarenllanera.com\/index.php?rest_route=\/wp\/v2\/pages\/363\/revisions\/2166"}],"wp:attachment":[{"href":"https:\/\/cazarenllanera.com\/index.php?rest_route=%2Fwp%2Fv2%2Fmedia&parent=363"}],"curies":[{"name":"wp","href":"https:\/\/api.w.org\/{rel}","templated":true}]}}