{"id":374,"date":"2014-11-05T16:55:49","date_gmt":"2014-11-05T16:55:49","guid":{"rendered":"http:\/\/cazarenllanera.com\/var\/www\/vhosts\/cazarenllanera.comhttpdocs\/?page_id=374"},"modified":"2024-09-23T09:25:30","modified_gmt":"2024-09-23T09:25:30","slug":"caza-menor-2","status":"publish","type":"page","link":"https:\/\/cazarenllanera.com\/?page_id=374","title":{"rendered":"Caza Menor"},"content":{"rendered":"<div  class=\"vc_row wpb_row vc_row-fluid  \" >\n\t<div class=\"vc_col-sm-12 wpb_column column_container  \" style=\"margin-top: 30px;\">\n\t\t\t\n\t<div class=\"wpb_text_column wpb_content_element \">\n\t\t<div class=\"wpb_wrapper\">\n\t\t\t<p style=\"text-align: center;\"><span style=\"font-size: 28px;\">Caza&nbsp;Menor<\/span><\/p>\n\n\t\t<\/div> \n\t<\/div> <div class=\"vc_empty_space\"  style=\"height: 32px\" ><span class=\"vc_empty_space_inner\"><\/span><\/div>\n\n\n\t<div class=\"wpb_single_image clr wpb_content_element vc_align_center\">\n\t\t<div class=\"wpb_wrapper\">\n\t\t\t\n\t\t\t<img width=\"1200\" height=\"658\" src=\"https:\/\/cazarenllanera.com\/wp-content\/uploads\/2014\/11\/pp.png\" class=\" vc_box_border_grey attachment-full\" alt=\"\" loading=\"lazy\" srcset=\"https:\/\/cazarenllanera.com\/wp-content\/uploads\/2014\/11\/pp.png 1200w, https:\/\/cazarenllanera.com\/wp-content\/uploads\/2014\/11\/pp-300x164.png 300w, https:\/\/cazarenllanera.com\/wp-content\/uploads\/2014\/11\/pp-1024x561.png 1024w\" sizes=\"(max-width: 1200px) 100vw, 1200px\" \/>\n\t\t<\/div><!-- .wpb_wrapper -->\n\t<\/div><!-- .wpb_single_image --><div class=\"vc_empty_space\"  style=\"height: 32px\" ><span class=\"vc_empty_space_inner\"><\/span><\/div>\n\n\n\t<div class=\"wpb_text_column wpb_content_element \">\n\t\t<div class=\"wpb_wrapper\">\n\t\t\t<p style=\"text-align: center;\"><em>.<\/em><\/p>\n<p style=\"text-align: center;\"><strong>La&nbsp;&nbsp;temporada de caza menor se abre en el Principado de Asturias desde el 15 de octubre&nbsp; de 2023 hasta el 11 de febrero&nbsp; de 2024&nbsp; ambas fechas incluidas (jueves ,domingos y festivos)Esta temporada hay media veda del 21 de agosto al 08 de Septiembre. TENIENDO EN CUENTA EL CALENDARIO DE CAZA MAYOR&nbsp;<\/strong><\/p>\n<p>Adiestramiento de perros de muestra a partir <strong>del 1 de Julio a la apertura de CAZA MENOR, <\/strong>Y del 2\u00baDomingo de febrero al 3\u00ba Domingo de Marzo. Dias habiles jueves , s\u00e1bados, domingos y festivos. Permitido el muestreo de Arcea en&nbsp; Zona de Adiestramiento Permanente del Naranco , TODO EL A\u00d1O<\/p>\n\n\t\t<\/div> \n\t<\/div> <div class=\"vc_empty_space\"  style=\"height: 32px\" ><span class=\"vc_empty_space_inner\"><\/span><\/div>\n\n<div class=\"vc_empty_space backcolor_separator\"  style=\"height: 32px\" ><span class=\"vc_empty_space_inner\"><\/span><\/div>\n\n\n\t<\/div> \n<\/div><div  class=\"vc_row wpb_row vc_row-fluid  \" >\n\t<div class=\"vc_col-sm-6 wpb_column column_container  \">\n\t\t\t\n\t<div class=\"wpb_text_column wpb_content_element \">\n\t\t<div class=\"wpb_wrapper\">\n\t\t\t<p style=\"text-align: center;\"><span style=\"font-family: Gabriela; font-size: 28px;\">Sueltas<\/span><\/p>\n\n\t\t<\/div> \n\t<\/div> <div class=\"vc_empty_space\"  style=\"height: 32px\" ><span class=\"vc_empty_space_inner\"><\/span><\/div>\n\n\n\t<div class=\"wpb_text_column wpb_content_element \">\n\t\t<div class=\"wpb_wrapper\">\n\t\t\t<p style=\"text-align: center;\"><span style=\"font-size: 14px;\">Estas son las fechas de las sueltas de perdiz y fais\u00e1n que se efectuaran esta temporada en todos los lotes y sitios de costumbre para la pr\u00f3xima campa\u00f1a.<\/span><\/p>\n<p style=\"text-align: center;\">15\/10\/2023<\/p>\n<p style=\"text-align: center;\">19\/11\/2023<\/p>\n<p style=\"text-align: center;\">24\/12\/2023<\/p>\n<p style=\"text-align: center;\">21\/01\/2024<\/p>\n<p style=\"text-align: center;\">&nbsp;<\/p>\n<p style=\"text-align: center;\"><span style=\"font-size: 14px;\">&nbsp;<\/span><\/p>\n<p style=\"text-align: center;\"><span style=\"font-size: 14px;\">M\u00e1s informaci\u00f3n en el local social en horario&nbsp;&nbsp; de 19:30h. a 20,30h. &nbsp;<em>Mi\u00e9rcoles y viernes.<\/em><\/span><\/p>\n\n\t\t<\/div> \n\t<\/div> \n\t<\/div> \n\n\t<div class=\"vc_col-sm-6 wpb_column column_container  \">\n\t\t\t\n\t<div class=\"wpb_text_column wpb_content_element \">\n\t\t<div class=\"wpb_wrapper\">\n\t\t\t<p style=\"text-align: center;\"><span style=\"font-family: Gabriela; font-size: 28px;\">Resultados<\/span><\/p>\n\n\t\t<\/div> \n\t<\/div> <div class=\"vc_empty_space\"  style=\"height: 32px\" ><span class=\"vc_empty_space_inner\"><\/span><\/div>\n\n\n\t<div class=\"wpb_text_column wpb_content_element \">\n\t\t<div class=\"wpb_wrapper\">\n\t\t\t<p style=\"text-align: center;\"><a title=\"Estad\u00edsticas Caza Menor\" href=\"http:\/\/cazarenllanera.com\/var\/www\/vhosts\/cazarenllanera.comhttpdocs\/?page_id=481\"><span style=\"font-family: Gabriela; font-size: 14px;\">Resultados<\/span><\/a><\/p>\n\n\t\t<\/div> \n\t<\/div> <div class=\"vc_empty_space\"  style=\"height: 32px\" ><span class=\"vc_empty_space_inner\"><\/span><\/div>\n\n\n\t<\/div> \n\n\t<div class=\"vc_col-sm-12 wpb_column column_container  \">\n\t\t\t\n\t<div class=\"wpb_text_column wpb_content_element \">\n\t\t<div class=\"wpb_wrapper\">\n\t\t\t\n\t\t<\/div> \n\t<\/div> \n\t<\/div> \n<\/div>\n","protected":false},"excerpt":{"rendered":"Caza&nbsp;Menor . La&nbsp;&nbsp;temporada de caza menor se abre en el Principado de Asturias desde el 15 de octubre&nbsp; de 2023 hasta el 11 de febrero&nbsp; de 2024&nbsp; ambas fechas incluidas (jueves ,domingos y festivos)Esta temporada hay media veda del 21 de agosto al 08 de Septiembre. TENIENDO EN CUENTA EL CALENDARIO DE CAZA MAYOR&nbsp; Adiestramiento de perros de muestra a partir del 1 de Julio...","protected":false},"author":2,"featured_media":0,"parent":0,"menu_order":0,"comment_status":"closed","ping_status":"closed","template":"","meta":{"ngg_post_thumbnail":0},"_links":{"self":[{"href":"https:\/\/cazarenllanera.com\/index.php?rest_route=\/wp\/v2\/pages\/374"}],"collection":[{"href":"https:\/\/cazarenllanera.com\/index.php?rest_route=\/wp\/v2\/pages"}],"about":[{"href":"https:\/\/cazarenllanera.com\/index.php?rest_route=\/wp\/v2\/types\/page"}],"author":[{"embeddable":true,"href":"https:\/\/cazarenllanera.com\/index.php?rest_route=\/wp\/v2\/users\/2"}],"replies":[{"embeddable":true,"href":"https:\/\/cazarenllanera.com\/index.php?rest_route=%2Fwp%2Fv2%2Fcomments&post=374"}],"version-history":[{"count":21,"href":"https:\/\/cazarenllanera.com\/index.php?rest_route=\/wp\/v2\/pages\/374\/revisions"}],"predecessor-version":[{"id":1893,"href":"https:\/\/cazarenllanera.com\/index.php?rest_route=\/wp\/v2\/pages\/374\/revisions\/1893"}],"wp:attachment":[{"href":"https:\/\/cazarenllanera.com\/index.php?rest_route=%2Fwp%2Fv2%2Fmedia&parent=374"}],"curies":[{"name":"wp","href":"https:\/\/api.w.org\/{rel}","templated":true}]}}