{"id":399,"date":"2014-11-06T10:13:39","date_gmt":"2014-11-06T10:13:39","guid":{"rendered":"http:\/\/cazarenllanera.com\/var\/www\/vhosts\/cazarenllanera.comhttpdocs\/?page_id=399"},"modified":"2018-07-05T08:55:45","modified_gmt":"2018-07-05T08:55:45","slug":"aviso-legal","status":"publish","type":"page","link":"https:\/\/cazarenllanera.com\/?page_id=399","title":{"rendered":"Pol\u00edtica de Privacidad"},"content":{"rendered":"<div  class=\"vc_row wpb_row vc_row-fluid  \" >\n\t<div class=\"vc_col-sm-12 wpb_column column_container  \" style=\"margin-top: 30px;\">\n\t\t\t\n\t<div class=\"wpb_text_column wpb_content_element \">\n\t\t<div class=\"wpb_wrapper\">\n\t\t\t<p style=\"text-align: center;\"><span style=\"font-size: 28px;\">Pol\u00edtica de Privacidad<\/span><\/p>\n\n\t\t<\/div> \n\t<\/div> <div class=\"vc_empty_space\"  style=\"height: 32px\" ><span class=\"vc_empty_space_inner\"><\/span><\/div>\n\n\n\t<div class=\"wpb_text_column wpb_content_element \">\n\t\t<div class=\"wpb_wrapper\">\n\t\t\t<p><strong>SOCIEDAD DE CAZADORES \u201cLA PERDIZ\u201d<\/strong> est\u00e1 adecuada a las exigencias de la Ley Org\u00e1nica 15\/1999, de 13 de diciembre, de Protecci\u00f3n de Datos de Car\u00e1cter Personal (LOPD), y al Real Decreto 1720\/2007, de 21 de diciembre, conocido como el Reglamento de desarrollo de la LOPD. Cumple tambi\u00e9n con el Reglamento (UE) 2016\/679 del Parlamento Europeo y del Consejo de 27 de abril de 2016 relativo a la protecci\u00f3n de las personas f\u00edsicas (RGPD), as\u00ed como con la Ley 34\/2002, de 11 de julio, de Servicios de la Sociedad de la Informaci\u00f3n y Comercio Electr\u00f3nico (LSSICE o LSSI).<\/p>\n<p><strong>SOCIEDAD DE CAZADORES \u201cLA PERDIZ\u201d<\/strong>\u00a0respetar\u00e1 la confidencialidad de los datos de car\u00e1cter personal aportados por los usuarios del Portal, mediante la observancia de la materia vigente sobre protecci\u00f3n de datos de car\u00e1cter personal.<\/p>\n<p>Al proporcionarnos sus datos de car\u00e1cter personal a trav\u00e9s de los formularios electr\u00f3nicos del Portal, est\u00e1 consintiendo que\u00a0<strong>SOCIEDAD DE CAZADORES \u201cLA PERDIZ\u201d<\/strong>\u00a0pueda tratar esos datos en los t\u00e9rminos de esta cl\u00e1usula de confidencialidad.<\/p>\n<p>Le informamos que\u00a0<strong>SOCIEDAD DE CAZADORES \u201cLA PERDIZ\u201d<\/strong>\u00a0es el responsable del fichero en el que los datos personales recabados ser\u00e1n tratados confidencialmente con la \u00fanica finalidad de gestionar su solicitud, facilitarle la informaci\u00f3n y\/o servicios que solicite.<\/p>\n<p><strong>SOCIEDAD DE CAZADORES \u201cLA PERDIZ\u201d<\/strong>\u00a0se compromete a no comunicar sus datos personales a terceros ajenos a la Entidad.<\/p>\n<p>Para ejercitar los derechos de acceso, rectificaci\u00f3n, cancelaci\u00f3n y oposici\u00f3n de sus datos personales que puedan obrar en nuestros ficheros, podr\u00e1 dirigirse a\u00a0<strong>SOCIEDAD DE CAZADORES \u201cLA PERDIZ\u201d<\/strong>, Calle Prudencio Gonz\u00e1lez, 34 bajo &#8211; 33424 Posada de Llanera.<\/p>\n<p>&nbsp;<\/p>\n<p>Para cuantas cuestiones se susciten sobre la interpretaci\u00f3n, aplicaci\u00f3n y cumplimiento de las condiciones de uso de este sitio Web ser\u00e1 de aplicaci\u00f3n la legislaci\u00f3n espa\u00f1ola.<\/p>\n<p>&nbsp;<\/p>\n<p style=\"text-align: center;\"><strong>SOCIEDAD DE CAZADORES \u201cLA PERDIZ\u201d<\/strong><\/p>\n<p style=\"text-align: center;\">Calle Prudencio Gonz\u00e1lez 34, bajo<br \/>\n334246 &#8211; Posada de Llanera (Asturias)<br \/>\nTel\u00e9fono: +34 984 289 245<br \/>\nC.I.F.: G-33218363<\/p>\n\n\t\t<\/div> \n\t<\/div> \n\t<\/div> \n<\/div><div  class=\"vc_row wpb_row vc_row-fluid  \" >\n\t<div class=\"vc_col-sm-12 wpb_column column_container  \">\n\t\t\t\n\t<\/div> \n<\/div>\n","protected":false},"excerpt":{"rendered":"Pol\u00edtica de Privacidad SOCIEDAD DE CAZADORES \u201cLA PERDIZ\u201d est\u00e1 adecuada a las exigencias de la Ley Org\u00e1nica 15\/1999, de 13 de diciembre, de Protecci\u00f3n de Datos de Car\u00e1cter Personal (LOPD), y al Real Decreto 1720\/2007, de 21 de diciembre, conocido como el Reglamento de desarrollo de la LOPD. Cumple tambi\u00e9n con el Reglamento (UE) 2016\/679 del Parlamento Europeo y del Consejo de 27 de abril...","protected":false},"author":2,"featured_media":0,"parent":0,"menu_order":0,"comment_status":"closed","ping_status":"closed","template":"","meta":{"ngg_post_thumbnail":0},"_links":{"self":[{"href":"https:\/\/cazarenllanera.com\/index.php?rest_route=\/wp\/v2\/pages\/399"}],"collection":[{"href":"https:\/\/cazarenllanera.com\/index.php?rest_route=\/wp\/v2\/pages"}],"about":[{"href":"https:\/\/cazarenllanera.com\/index.php?rest_route=\/wp\/v2\/types\/page"}],"author":[{"embeddable":true,"href":"https:\/\/cazarenllanera.com\/index.php?rest_route=\/wp\/v2\/users\/2"}],"replies":[{"embeddable":true,"href":"https:\/\/cazarenllanera.com\/index.php?rest_route=%2Fwp%2Fv2%2Fcomments&post=399"}],"version-history":[{"count":10,"href":"https:\/\/cazarenllanera.com\/index.php?rest_route=\/wp\/v2\/pages\/399\/revisions"}],"predecessor-version":[{"id":1366,"href":"https:\/\/cazarenllanera.com\/index.php?rest_route=\/wp\/v2\/pages\/399\/revisions\/1366"}],"wp:attachment":[{"href":"https:\/\/cazarenllanera.com\/index.php?rest_route=%2Fwp%2Fv2%2Fmedia&parent=399"}],"curies":[{"name":"wp","href":"https:\/\/api.w.org\/{rel}","templated":true}]}}